{"id":3,"date":"2023-11-03T14:17:45","date_gmt":"2023-11-03T14:17:45","guid":{"rendered":"https:\/\/www.redflare-cyber.com\/?page_id=3"},"modified":"2024-03-12T21:43:19","modified_gmt":"2024-03-12T21:43:19","slug":"privacy-policy","status":"publish","type":"page","link":"https:\/\/www.redflare-cyber.com\/en\/privacy-policy\/","title":{"rendered":"Privacy Policy"},"content":{"rendered":"<h2 class=\"wp-block-heading\">Chi siamo<\/h2>\n\n\n\n<p>La presente Privacy Policy si applica al sito web <a href=\"https:\/\/www.redflare-cyber.com\/en\/\">https:\/\/www.redflare-cyber.com\/<\/a>, di propriet\u00e0 e gestito da TreviGroup, SRL (&#8220;noi&#8221;, &#8220;nostro&#8221;). La sicurezza dei vostri dati personali \u00e8 di massima importanza per noi e ci impegniamo a proteggerli in conformit\u00e0 con il Regolamento Generale sulla Protezione dei Dati (GDPR).<\/p>\n\n\n\n<p>L&#8217;informativa viene resa in ossequio all\u2019art. 13 del Regolamento 2016\/679 (GDPR), ai sensi dell\u2019art. 13 del d.lgs. n. 196\/2003 (Codice in materia di protezione dei dati personali) agli utenti che accedono al sito web&nbsp;<a href=\"https:\/\/www.redflare-cyber.com\/en\/&nbsp;\/\">https:\/\/www.redflare-cyber.com\/&nbsp;<\/a>ed \u00e8 relativa a tutti i dati personali trattati secondo le modalit\u00e0 di seguito indicate.<\/p>\n\n\n\n<h3 class=\"wp-block-heading\">Titolare del trattamento dei dati<\/h3>\n\n\n\n<p>Il titolare del trattamento dei dati \u00e8 TreviGroup, SRL, con sede in Via Castagnole, 20\/H, 31100 Treviso TV, Italia. C.F. e P.IVA: 04362080261. L\u2019elenco aggiornato dei soggetti responsabili per specifici trattamenti \u00e8 disponibile presso gli uffici di&nbsp;TreviGroup.<\/p>\n\n\n\n<p>\u00c8 possibile contattare il titolare tramite mail scrivendo all&#8217;indirizzo <a href=\"mailto:info@trevigroupsrl.it\" target=\"_blank\" rel=\"noreferrer noopener\">info@trevigroupsrl.it<\/a>.<\/p>\n\n\n\n<h2 class=\"wp-block-heading\">Dati raccolti<\/h2>\n\n\n\n<p>Il trattamento avr\u00e0 ad oggetto le operazioni o il complesso di operazioni (quali a mero titolo esemplificativo: raccolta, registrazione, organizzazione, conservazione, elaborazione, modificazione, utilizzo, cancellazione, distruzione) concernenti esclusivamente i dati personali da Lei forniti tramite form o messaggio mail.<\/p>\n\n\n\n<p>I dati raccolti automaticamente sono i dati di navigazione.<\/p>\n\n\n\n<h3 class=\"wp-block-heading\">Finalit\u00e0 del trattamento<\/h3>\n\n\n\n<p>I dati personali raccolti sono utilizzati per le seguenti finalit\u00e0: profilazione e marketing, al fine di fornire un&#8217;esperienza personalizzata e comunicazioni mirate. Rispetto alla finalit\u00e0 di marketing, si precisa che, in conformit\u00e0 con il comma 4 dell\u2019art. 130 del Codice, il consenso dell\u2019interessato non \u00e8 necessario, se lo stesso ha acquistato o usufruito di prodotti o servizi presso TreviGroup Srl o tramite questo sito web. Lei potr\u00e0 rifiutare inizialmente ovvero in occasione di comunicazioni successive, l\u2019utilizzo dei dati per la presente finalit\u00e0 ed opporsi in ogni momento al trattamento.<\/p>\n\n\n\n<p>Il conferimento dei dati contrassegnati come obbligatori, \u00e8 necessario per poter adempiere correttamente alla finalit\u00e0 sopra indicata ed un eventuale rifiuto di fornirli determina per TreviGroup l\u2019impossibilit\u00e0 di poter evadere correttamente la Sua richiesta.<\/p>\n\n\n\n<h3 class=\"wp-block-heading\">Modalit\u00e0 del trattamento<\/h3>\n\n\n\n<p>Il trattamento dei dati avverr\u00e0 con l\u2019ausilio di strumenti elettronici e\/o cartacei, secondo logiche strettamente correlate alle finalit\u00e0 sopra indicate e comunque adottando procedure e misure idonee a tutelarne la sicurezza e la riservatezza.&nbsp;<\/p>\n\n\n\n<p>Per garantire il corretto espletamento delle summenzionate finalit\u00e0 avranno accesso ai Suoi dati gli addetti alla divisione IT, alla divisione Customer Relation e alla divisione Sales di TreviGroup. Inoltre i dati potranno essere resi disponibili per lo svolgimento delle attivit\u00e0 loro delegate ai fornitori di TreviGroup che prestano servizi connessi, quali in particolare, societ\u00e0 che forniscono servizi informatici, ivi inclusi servizi di hosting o societ\u00e0 che forniscono servizi di data entry.<\/p>\n\n\n\n<p>I Suoi dati non saranno altrimenti comunicati o condivisi con terzi e saranno conservati per il tempo strettamente necessario all\u2019espletamento della finalit\u00e0 come sopra indicata. In particolare, i Suoi dati saranno conservati, per consentirle l\u2019uso dei servizi disponibili sul sito di Redflare, per 48 mesi dalla sua ultima interazione, decorsi i quali, sar\u00e0 effettuata la sola conservazione dei predetti dati, per finalit\u00e0 di esercizio di un diritto e consentirle il completo e libero esercizio dei suoi diritti di accesso ai dati.<\/p>\n\n\n\n<p>Di nostra iniziativa, noi non trasferiremo dati personali in paesi extra UE. Tuttavia alcuni soggetti tra i quali eventualmente gli Sponsor delle iniziative organizzate da TreviGroup Srl ovvero terzi, fornitori di servizi, potrebbero avere sede o risorse per l&#8217;elaborazione dei dati personali fisicamente all\u2019estero (come nel caso di provider di posta elettronica). In tali eventualit\u00e0, il trasferimento di dati all\u2019estero avverr\u00e0 esclusivamente nell\u2019ambito e nel rispetto delle previsioni di legge.<\/p>\n\n\n\n<h2 class=\"wp-block-heading\">Dati di navigazione<\/h2>\n\n\n\n<p>Data la natura dei servizi offerti dal nostro sito web, i sistemi informatici e le procedure software preposte mantengono dei \u201clog di sistema\u201d ovvero informazioni raccolte contenenti alcuni dati personali la cui trasmissione \u00e8 insita nell\u2019uso dei protocolli di comunicazione di Internet. Gli scopi di tale raccolta sono ricavare informazioni statistiche anonime sull\u2019uso del sito e controllarne il corretto funzionamento.<\/p>\n\n\n\n<p>Solo per tali finalit\u00e0 vengono archiviati alcuni dati identificativi tra cui l&#8217;indirizzo IP, il tipo di browser, il sistema operativo, gli indirizzi in notazione URI (Uniform Resource Identifier) delle risorse richieste, l\u2019orario della richiesta, il metodo utilizzato nel sottoporre la richiesta al server, la dimensione del file ottenuto in risposta, il codice numerico indicante lo stato della risposta data dal server (buon fine, errore, ecc.) ed altri parametri relativi al sistema.<\/p>\n\n\n\n<p>TreviGroup Srl dichiara che tali dati non verranno mai utilizzati per altri scopi n\u00e9 mai saranno ceduti a terzi. Si dichiara inoltre che i log di sistema sono trattati in maniera sicura, con accessi limitati agli amministratori di sistema, archiviati con tecniche di crittografia e mantenuti per un tempo limitato in conformit\u00e0 alle motivazioni di sicurezza sopra descritte.<\/p>\n\n\n\n<h3 class=\"wp-block-heading\">Cookies<\/h3>\n\n\n\n<p>I cookies sono informazioni (piccole stringhe di testo) immesse sul proprio browser quando viene visitato un sito web. Svolgono diverse e importanti funzioni nell&#8217;ambito della rete (esecuzione di autenticazioni informatiche, monitoraggio di sessioni, memorizzazione di informazioni su specifiche configurazioni riguardanti gli utenti che accedono al server, memorizzazione delle preferenze, ecc.). Per maggiori informazioni sui Cookies e sulle modalit\u00e0 di disabilitazione, si rinvia alla Cookie Policy del sito consultabile al seguente <a href=\"https:\/\/www.redflare-cyber.com\/en\/cookie-policy\/\">link<\/a>.<\/p>\n\n\n\n<h2 class=\"wp-block-heading\">Diritti dell&#8217;interessato<\/h2>\n\n\n\n<p>In relazione ai dati trattati, Lei avr\u00e0 la facolt\u00e0 in qualsiasi momento di esercitare i diritti riconosciuti dall\u2019art. 7 del Codice della Privacy e dell\u2019art. 13 GDPR ed, in particolare, tra gli altri (a titolo esemplificativo), di ottenere copia dei dati trattati, il loro aggiornamento, la loro rettifica o integrazione, la loro cancellazione, la trasformazione in forma anonima o il blocco, nonch\u00e9 di opporvi per motivi legittimi ai trattamenti effettuati in violazione di legge.<\/p>\n\n\n\n<p>Per l\u2019esercizio di tali diritti, l\u2019interessato potr\u00e0 rivolgersi al Responsabile Amministrativo di TreviGroup, inviando una mail all\u2019indirizzo info@trevigroupsrl.it. Le \u00e8 riconosciuta in ogni momento facolt\u00e0 di revocare il consenso al trattamento dei suoi dati personali mediante attivazione della procedura di REVOCA.<\/p>\n\n\n\n<h2 class=\"wp-block-heading\">Modifiche alla Privacy Policy<\/h2>\n\n\n\n<p>Il Titolare pu\u00f2 modificare o semplicemente aggiornare la presente Privacy Policy del sito, in parte o completamente, anche a causa di variazioni delle disposizioni legislative e regolamentari che disciplinano questa materia e proteggono i suoi diritti. Tali variazioni e gli aggiornamenti della Privacy Policy saranno notificati agli utenti nella home page non appena vengono introdotte e saranno vincolanti quando pubblicate sul sito.<\/p>\n\n\n\n<p>Per ogni controversia che dovesse insorgere in relazione alla presente privacy policy, il foro competente sar\u00e0 quello del luogo dove \u00e8 situata l&#8217;azienda del titolare del trattamento.<\/p>","protected":false},"excerpt":{"rendered":"<p>Chi siamo La presente Privacy Policy si applica al sito web https:\/\/www.redflare-cyber.com\/, di propriet\u00e0 e gestito da TreviGroup, SRL (&#8220;noi&#8221;, &#8220;nostro&#8221;). La sicurezza dei vostri dati personali \u00e8 di massima importanza per noi e ci impegniamo a proteggerli in conformit\u00e0 con il Regolamento Generale sulla Protezione dei Dati (GDPR). L&#8217;informativa viene resa in ossequio all\u2019art.&hellip;&nbsp;<a href=\"https:\/\/www.redflare-cyber.com\/en\/privacy-policy\/\" rel=\"bookmark\">Read More &raquo;<span class=\"screen-reader-text\">Privacy Policy<\/span><\/a><\/p>","protected":false},"author":1,"featured_media":0,"parent":0,"menu_order":0,"comment_status":"closed","ping_status":"open","template":"","meta":{"neve_meta_sidebar":"","neve_meta_container":"","neve_meta_enable_content_width":"","neve_meta_content_width":0,"neve_meta_title_alignment":"","neve_meta_author_avatar":"","neve_post_elements_order":"","neve_meta_disable_header":"","neve_meta_disable_footer":"","neve_meta_disable_title":"","_themeisle_gutenberg_block_has_review":false,"footnotes":""},"class_list":["post-3","page","type-page","status-publish","hentry"],"yoast_head":"<!-- This site is optimized with the Yoast SEO plugin v27.3 - https:\/\/yoast.com\/product\/yoast-seo-wordpress\/ -->\n<title>Privacy Policy | Redflare<\/title>\n<meta name=\"description\" content=\"Pagina per la Privacy Policy di RedFlare: per conoscere la gestione dei propri dati con trasparenza e sicurezza.\" \/>\n<meta name=\"robots\" content=\"index, follow, max-snippet:-1, max-image-preview:large, max-video-preview:-1\" \/>\n<link rel=\"canonical\" href=\"https:\/\/www.redflare-cyber.com\/en\/privacy-policy\/\" \/>\n<meta property=\"og:locale\" content=\"en_GB\" \/>\n<meta property=\"og:type\" content=\"article\" \/>\n<meta property=\"og:title\" content=\"Privacy Policy | Redflare\" \/>\n<meta property=\"og:description\" content=\"Pagina per la Privacy Policy di RedFlare: per conoscere la gestione dei propri dati con trasparenza e sicurezza.\" \/>\n<meta property=\"og:url\" content=\"https:\/\/www.redflare-cyber.com\/en\/privacy-policy\/\" \/>\n<meta property=\"og:site_name\" content=\"Redflare\" \/>\n<meta property=\"article:modified_time\" content=\"2024-03-12T21:43:19+00:00\" \/>\n<meta property=\"og:image\" content=\"https:\/\/www.redflare-cyber.com\/wp-content\/uploads\/2023\/11\/hacker-8003402_1920.png\" \/>\n\t<meta property=\"og:image:width\" content=\"1920\" \/>\n\t<meta property=\"og:image:height\" content=\"1076\" \/>\n\t<meta property=\"og:image:type\" content=\"image\/png\" \/>\n<meta name=\"twitter:card\" content=\"summary_large_image\" \/>\n<meta name=\"twitter:label1\" content=\"Estimated reading time\" \/>\n\t<meta name=\"twitter:data1\" content=\"6 minutes\" \/>\n<script type=\"application\/ld+json\" class=\"yoast-schema-graph\">{\"@context\":\"https:\\\/\\\/schema.org\",\"@graph\":[{\"@type\":\"WebPage\",\"@id\":\"https:\\\/\\\/www.redflare-cyber.com\\\/privacy-policy\\\/\",\"url\":\"https:\\\/\\\/www.redflare-cyber.com\\\/privacy-policy\\\/\",\"name\":\"Privacy Policy | Redflare\",\"isPartOf\":{\"@id\":\"https:\\\/\\\/www.redflare-cyber.com\\\/#website\"},\"datePublished\":\"2023-11-03T14:17:45+00:00\",\"dateModified\":\"2024-03-12T21:43:19+00:00\",\"description\":\"Pagina per la Privacy Policy di RedFlare: per conoscere la gestione dei propri dati con trasparenza e sicurezza.\",\"breadcrumb\":{\"@id\":\"https:\\\/\\\/www.redflare-cyber.com\\\/privacy-policy\\\/#breadcrumb\"},\"inLanguage\":\"en-GB\",\"potentialAction\":[{\"@type\":\"ReadAction\",\"target\":[\"https:\\\/\\\/www.redflare-cyber.com\\\/privacy-policy\\\/\"]}]},{\"@type\":\"BreadcrumbList\",\"@id\":\"https:\\\/\\\/www.redflare-cyber.com\\\/privacy-policy\\\/#breadcrumb\",\"itemListElement\":[{\"@type\":\"ListItem\",\"position\":1,\"name\":\"Home\",\"item\":\"https:\\\/\\\/www.redflare-cyber.com\\\/\"},{\"@type\":\"ListItem\",\"position\":2,\"name\":\"Privacy Policy\"}]},{\"@type\":\"WebSite\",\"@id\":\"https:\\\/\\\/www.redflare-cyber.com\\\/#website\",\"url\":\"https:\\\/\\\/www.redflare-cyber.com\\\/\",\"name\":\"Redflare\",\"description\":\"L&#039;invincibilit\u00e0 sta nel conoscere il tuo nemico!\",\"publisher\":{\"@id\":\"https:\\\/\\\/www.redflare-cyber.com\\\/#organization\"},\"alternateName\":\"RF\",\"potentialAction\":[{\"@type\":\"SearchAction\",\"target\":{\"@type\":\"EntryPoint\",\"urlTemplate\":\"https:\\\/\\\/www.redflare-cyber.com\\\/?s={search_term_string}\"},\"query-input\":{\"@type\":\"PropertyValueSpecification\",\"valueRequired\":true,\"valueName\":\"search_term_string\"}}],\"inLanguage\":\"en-GB\"},{\"@type\":\"Organization\",\"@id\":\"https:\\\/\\\/www.redflare-cyber.com\\\/#organization\",\"name\":\"Redflare\",\"alternateName\":\"RF\",\"url\":\"https:\\\/\\\/www.redflare-cyber.com\\\/\",\"logo\":{\"@type\":\"ImageObject\",\"inLanguage\":\"en-GB\",\"@id\":\"https:\\\/\\\/www.redflare-cyber.com\\\/#\\\/schema\\\/logo\\\/image\\\/\",\"url\":\"https:\\\/\\\/www.redflare-cyber.com\\\/wp-content\\\/uploads\\\/2024\\\/02\\\/Redflare_brand-by-tg.png\",\"contentUrl\":\"https:\\\/\\\/www.redflare-cyber.com\\\/wp-content\\\/uploads\\\/2024\\\/02\\\/Redflare_brand-by-tg.png\",\"width\":1080,\"height\":354,\"caption\":\"Redflare\"},\"image\":{\"@id\":\"https:\\\/\\\/www.redflare-cyber.com\\\/#\\\/schema\\\/logo\\\/image\\\/\"},\"sameAs\":[\"https:\\\/\\\/www.linkedin.com\\\/showcase\\\/artemis-redflare\\\/\"]}]}<\/script>\n<!-- \/ Yoast SEO plugin. -->","yoast_head_json":{"title":"Privacy Policy | Redflare","description":"Pagina per la Privacy Policy di RedFlare: per conoscere la gestione dei propri dati con trasparenza e sicurezza.","robots":{"index":"index","follow":"follow","max-snippet":"max-snippet:-1","max-image-preview":"max-image-preview:large","max-video-preview":"max-video-preview:-1"},"canonical":"https:\/\/www.redflare-cyber.com\/en\/privacy-policy\/","og_locale":"en_GB","og_type":"article","og_title":"Privacy Policy | Redflare","og_description":"Pagina per la Privacy Policy di RedFlare: per conoscere la gestione dei propri dati con trasparenza e sicurezza.","og_url":"https:\/\/www.redflare-cyber.com\/en\/privacy-policy\/","og_site_name":"Redflare","article_modified_time":"2024-03-12T21:43:19+00:00","og_image":[{"width":1920,"height":1076,"url":"https:\/\/www.redflare-cyber.com\/wp-content\/uploads\/2023\/11\/hacker-8003402_1920.png","type":"image\/png"}],"twitter_card":"summary_large_image","twitter_misc":{"Estimated reading time":"6 minutes"},"schema":{"@context":"https:\/\/schema.org","@graph":[{"@type":"WebPage","@id":"https:\/\/www.redflare-cyber.com\/privacy-policy\/","url":"https:\/\/www.redflare-cyber.com\/privacy-policy\/","name":"Privacy Policy | Redflare","isPartOf":{"@id":"https:\/\/www.redflare-cyber.com\/#website"},"datePublished":"2023-11-03T14:17:45+00:00","dateModified":"2024-03-12T21:43:19+00:00","description":"Pagina per la Privacy Policy di RedFlare: per conoscere la gestione dei propri dati con trasparenza e sicurezza.","breadcrumb":{"@id":"https:\/\/www.redflare-cyber.com\/privacy-policy\/#breadcrumb"},"inLanguage":"en-GB","potentialAction":[{"@type":"ReadAction","target":["https:\/\/www.redflare-cyber.com\/privacy-policy\/"]}]},{"@type":"BreadcrumbList","@id":"https:\/\/www.redflare-cyber.com\/privacy-policy\/#breadcrumb","itemListElement":[{"@type":"ListItem","position":1,"name":"Home","item":"https:\/\/www.redflare-cyber.com\/"},{"@type":"ListItem","position":2,"name":"Privacy Policy"}]},{"@type":"WebSite","@id":"https:\/\/www.redflare-cyber.com\/#website","url":"https:\/\/www.redflare-cyber.com\/","name":"Redflare","description":"L&#039;invincibilit\u00e0 sta nel conoscere il tuo nemico!","publisher":{"@id":"https:\/\/www.redflare-cyber.com\/#organization"},"alternateName":"RF","potentialAction":[{"@type":"SearchAction","target":{"@type":"EntryPoint","urlTemplate":"https:\/\/www.redflare-cyber.com\/?s={search_term_string}"},"query-input":{"@type":"PropertyValueSpecification","valueRequired":true,"valueName":"search_term_string"}}],"inLanguage":"en-GB"},{"@type":"Organization","@id":"https:\/\/www.redflare-cyber.com\/#organization","name":"Redflare","alternateName":"RF","url":"https:\/\/www.redflare-cyber.com\/","logo":{"@type":"ImageObject","inLanguage":"en-GB","@id":"https:\/\/www.redflare-cyber.com\/#\/schema\/logo\/image\/","url":"https:\/\/www.redflare-cyber.com\/wp-content\/uploads\/2024\/02\/Redflare_brand-by-tg.png","contentUrl":"https:\/\/www.redflare-cyber.com\/wp-content\/uploads\/2024\/02\/Redflare_brand-by-tg.png","width":1080,"height":354,"caption":"Redflare"},"image":{"@id":"https:\/\/www.redflare-cyber.com\/#\/schema\/logo\/image\/"},"sameAs":["https:\/\/www.linkedin.com\/showcase\/artemis-redflare\/"]}]}},"_links":{"self":[{"href":"https:\/\/www.redflare-cyber.com\/en\/wp-json\/wp\/v2\/pages\/3","targetHints":{"allow":["GET"]}}],"collection":[{"href":"https:\/\/www.redflare-cyber.com\/en\/wp-json\/wp\/v2\/pages"}],"about":[{"href":"https:\/\/www.redflare-cyber.com\/en\/wp-json\/wp\/v2\/types\/page"}],"author":[{"embeddable":true,"href":"https:\/\/www.redflare-cyber.com\/en\/wp-json\/wp\/v2\/users\/1"}],"replies":[{"embeddable":true,"href":"https:\/\/www.redflare-cyber.com\/en\/wp-json\/wp\/v2\/comments?post=3"}],"version-history":[{"count":5,"href":"https:\/\/www.redflare-cyber.com\/en\/wp-json\/wp\/v2\/pages\/3\/revisions"}],"predecessor-version":[{"id":2088,"href":"https:\/\/www.redflare-cyber.com\/en\/wp-json\/wp\/v2\/pages\/3\/revisions\/2088"}],"wp:attachment":[{"href":"https:\/\/www.redflare-cyber.com\/en\/wp-json\/wp\/v2\/media?parent=3"}],"curies":[{"name":"wp","href":"https:\/\/api.w.org\/{rel}","templated":true}]}}