{"id":2084,"date":"2024-03-12T21:37:32","date_gmt":"2024-03-12T21:37:32","guid":{"rendered":"https:\/\/www.redflare-cyber.com\/?page_id=2084"},"modified":"2024-04-19T13:30:34","modified_gmt":"2024-04-19T13:30:34","slug":"cookie-policy","status":"publish","type":"page","link":"https:\/\/www.redflare-cyber.com\/en\/cookie-policy\/","title":{"rendered":"Cookie Policy"},"content":{"rendered":"<p>Redflare utilizza i cookie per rendere i propri servizi pi\u00f9 semplici ed efficienti per gli utenti che navigano sul sito <a href=\"https:\/\/www.redflare-cyber.com\/en\/\">https:\/\/www.redflare-cyber.com\/<\/a>. Gli utenti del sito vedranno inserite quantit\u00e0 minime di informazioni nei dispositivi in uso, che siano computer o dispositivi mobili, sotto forma di piccoli file di testo denominati &#8220;cookie&#8221; salvati nelle directory utilizzate dal browser web dell&#8217;utente.<\/p>\n\n\n\n<h2 class=\"wp-block-heading\">Tipologie di Cookie Utilizzati da Redflare<\/h2>\n\n\n\n<p><strong>Cookie Tecnici<\/strong>: Questi cookie sono essenziali per il corretto funzionamento delle sezioni del sito. Sono di due categorie: persistenti e di sessione. I persistenti rimangono salvati fino a una data di scadenza preimpostata anche dopo la chiusura del browser, mentre i di sessione vengono cancellati ogni volta che il browser viene chiuso. Inviati dal nostro dominio, sono necessari per visualizzare correttamente il sito in relazione ai servizi tecnici offerti e verranno sempre utilizzati e inviati, a meno che l&#8217;utente non modifichi le impostazioni nel proprio browser.<\/p>\n\n\n\n<p><strong>Cookie Analitici<\/strong>: Utilizzati per raccogliere informazioni sull&#8217;uso del sito, per analisi statistiche anonime al fine di migliorare l&#8217;uso del sito e rendere i contenuti pi\u00f9 interessanti e attinenti ai desideri dell&#8217;utenza. Questi cookie raccolgono dati in forma anonima sull&#8217;attivit\u00e0 degli utenti e su come sono arrivati al sito, sia dal sito stesso che da domini di terze parti.<\/p>\n\n\n\n<p><strong>Cookie di Terze Parti per Analisi<\/strong>: Utilizzati per raccogliere informazioni in forma anonima quali pagine visitate, tempo di permanenza, origini del traffico di provenienza per scopi di marketing, sono inviati da domini di terze parti esterni al sito.<\/p>\n\n\n\n<p>Inoltre, potrebbero essere attivati dei cookie specialmente concepiti per \u00abreti sociali\u00bb. Essi permettono all\u2019utente di interagire tramite le reti sociali (funzione condividi, Facebook). Quando una pagina contiene questo comando, si stabilisce un collegamento diretto con la rete sociale selezionata. Oltre ai cookie, per migliorare il servizio e la navigazione o per attivit\u00e0 di profilazione, ci potrebbe essere l\u2019utilizzo di tecnologie similari sui Suoi dispositivi mobili. L\u2019impiego delle suddette tecnologie \u00e8 regolato dalle informative sulla privacy di dette societ\u00e0 e non dalla nostra <a href=\"https:\/\/www.redflare-cyber.com\/en\/privacy-policy\/\">Privacy Policy<\/a>.<\/p>\n\n\n\n<h2 class=\"wp-block-heading\">Gestione dei Cookie<\/h2>\n\n\n\n<h3 class=\"wp-block-heading\">Come viene presentato il consenso (opt-in) all\u2019utilizzo dei cookie?<\/h3>\n\n\n\n<p>Il consenso all\u2019utilizzo dei cookie di profilazione viene prestato dall\u2019utente attraverso le seguenti modalit\u00e0: chiudendo il banner contenente l\u2019informativa breve o esprimendo la propria scelta di livello e durata di accesso ai dati nel banner sopra menzionato e pu\u00f2 essere revocato in ogni momento.<\/p>\n\n\n\n<p>Tutti i cookie tecnici non richiedono consenso, pertanto vengono installati automaticamente a seguito dell\u2019accesso al sito o al servizio.<\/p>\n\n\n\n<p>L&#8217;utente pu\u00f2 decidere se accettare o meno i cookie anche utilizzando le impostazioni del proprio browser. Di seguito le modalit\u00e0 offerte dai principali browser:<\/p>\n\n\n\n<ul class=\"wp-block-list\">\n<li><strong>Chrome<\/strong>: Impostazioni &gt; Mostra impostazioni avanzate &gt; Privacy &gt; Impostazioni contenuti.<\/li>\n\n\n\n<li><strong>Mozilla Firefox<\/strong>: Menu &gt; Opzioni &gt; Privacy &gt; Impostazioni avanzate.<\/li>\n\n\n\n<li><strong>Internet Explorer<\/strong>: Strumenti &gt; Opzioni Internet &gt; Privacy.<\/li>\n\n\n\n<li><strong>Safari<\/strong>: Preferenze &gt; Privacy.<\/li>\n\n\n\n<li><strong>Opera<\/strong>: Preferenze &gt; Avanzate &gt; Cookie.<\/li>\n\n\n\n<li><strong>Microsoft Edge<\/strong>: Menu &gt; Impostazioni &gt; Cookie e autorizzazioni sito &gt; Gestisci ed elimina cookie e dati.<\/li>\n<\/ul>\n\n\n\n<h3 class=\"wp-block-heading\">Come revocare (opt-out) il consenso all\u2019utilizzo dei cookie?<\/h3>\n\n\n\n<p>I cookie possono essere completamente disattivati dal browser utilizzando l\u2019apposita funzione prevista nella maggior parte dei programmi di navigazione. \u00c8 bene sapere per\u00f2 che disattivando i cookie alcune delle funzionalit\u00e0 potrebbero non essere utilizzabili.<\/p>\n\n\n\n<p>Con riferimento alla profilazione finalizzati ad offrire pubblicit\u00e0 personalizzata, La informiamo che, qualora esercitasse l\u2019opt-out, continuer\u00e0 in ogni caso a ricevere pubblicit\u00e0 di tipo generico.<\/p>\n\n\n\n<h3 class=\"wp-block-heading\">Come Disabilitare I Cookies Mediante Configurazione Del Browser<\/h3>\n\n\n\n<h4 class=\"wp-block-heading\"><strong>Chrome<\/strong><\/h4>\n\n\n\n<ol class=\"wp-block-list\">\n<li>Eseguire il Browser Chrome<\/li>\n\n\n\n<li>Fare click sul men\u00f9 impostazioni di Chrome, presente nella barra degli strumenti del browser a fianco della finestra di inserimento url<\/li>\n\n\n\n<li>Selezionare Impostazioni<\/li>\n\n\n\n<li>Fare click su Mostra Impostazioni Avanzate<\/li>\n\n\n\n<li>Nella sezione \u201cPrivacy\u201d fare click sul bottone \u201cImpostazioni contenuti\u201c<\/li>\n\n\n\n<li>Nella sezione \u201cCookie\u201d \u00e8 possibile modificare le seguenti impostazioni relative ai cookies: \n<ul class=\"wp-block-list\">\n<li>consentire il salvataggio dei dati in locale<\/li>\n\n\n\n<li>modificare i dati locali solo fino alla chiusura del browser<\/li>\n\n\n\n<li>impedire ai siti di impostare i cookies<\/li>\n\n\n\n<li>bloccare i cookies di terze parti e i dati dei siti<\/li>\n\n\n\n<li>gestire le eccezioni per alcuni siti internet<\/li>\n\n\n\n<li>eliminazione di uno o tutti i cookies<\/li>\n<\/ul>\n<\/li>\n<\/ol>\n\n\n\n<p>Per maggiori informazioni visita la guida in linea di Chrome.<\/p>\n\n\n\n<h4 class=\"wp-block-heading\">Mozilla Firefox<\/h4>\n\n\n\n<ol class=\"wp-block-list\">\n<li>Eseguire il Browser Mozilla Firefox<\/li>\n\n\n\n<li>Fare click sul men\u00f9 Impostazioni di Firefox presente nella barra degli strumenti del browser a fianco della finestra di inserimento url per la navigazione<\/li>\n\n\n\n<li>Selezionare Opzioni<\/li>\n\n\n\n<li>Seleziona il pannello Privacy<\/li>\n\n\n\n<li>Fare clic su Mostra Impostazioni Avanzate<\/li>\n\n\n\n<li>Nella sezione \u201cPrivacy\u201d fare click sul bottone \u201cImpostazioni contenuti\u201c<\/li>\n\n\n\n<li>Nella sezione \u201cTracciamento\u201d \u00e8 possibile modificare le seguenti impostazioni relative ai cookies:\n<ul class=\"wp-block-list\">\n<li>richiedi ai siti di non effettuare alcun tracciamento<\/li>\n\n\n\n<li>comunica ai siti la disponibilit\u00e0 ad essere tracciato<\/li>\n\n\n\n<li>non comunicare alcuna preferenza relativa al tracciamento dei dati personali<\/li>\n<\/ul>\n<\/li>\n\n\n\n<li>Dalla sezione \u201cCronologia\u201d \u00e8 possibile:\n<ul class=\"wp-block-list\">\n<li>abilitando \u201cUtilizza impostazioni personalizzate\u201d selezionare di accettare i cookies di terze parti (sempre, dai siti pi\u00f9 visitato o mai) e di conservarli per un periodo determinato (fino alla loro scadenza, alla chiusura di Firefox o di richiederlo ogni volta)<\/li>\n\n\n\n<li>rimuovere i singoli cookies immagazzinati<\/li>\n<\/ul>\n<\/li>\n<\/ol>\n\n\n\n<p>Per maggiori informazioni visita la guida in linea di Firefox.<\/p>\n\n\n\n<h4 class=\"wp-block-heading\">Internet Explorer<\/h4>\n\n\n\n<ol class=\"wp-block-list\">\n<li>Eseguire il Browser Internet Explorer<\/li>\n\n\n\n<li>Fare click sul pulsante Strumenti e scegliere Opzioni Internet<\/li>\n\n\n\n<li>Fare click sulla scheda Privacy e in Impostazioni modificare il dispositivo di scorrimento in funzione dell\u2019azione desiderata per i cookies:\n<ul class=\"wp-block-list\">\n<li>bloccare tutti i cookies<\/li>\n\n\n\n<li>consentire tutti i cookies<\/li>\n\n\n\n<li>selezione dei siti da cui ottenere cookies: spostare il cursore in una posizione intermedia in modo da non bloccare o consentire tutti i cookies, premere quindi su Siti, nella casella Indirizzo Sito Web inserire un sito internet e quindi premere su Blocca o Consenti<\/li>\n<\/ul>\n<\/li>\n<\/ol>\n\n\n\n<p>Per maggiori informazioni visita la guida in linea di IE.<\/p>\n\n\n\n<h4 class=\"wp-block-heading\">Safari 6<\/h4>\n\n\n\n<ol class=\"wp-block-list\">\n<li>Eseguire il Browser Safari<\/li>\n\n\n\n<li>Fare click su Safari, selezionare Preferenze e premere su Privacy<\/li>\n\n\n\n<li>Nella sezione Blocca Cookie specificare come Safari deve accettare i cookies dai siti internet.<\/li>\n\n\n\n<li>Per visionare quali siti hanno immagazzinato i cookies cliccare su Dettagli<\/li>\n<\/ol>\n\n\n\n<h4 class=\"wp-block-heading\">Safari iOS (dispositivi mobile)<\/h4>\n\n\n\n<ol class=\"wp-block-list\">\n<li>Eseguire il Browser Safari iOS<\/li>\n\n\n\n<li>Tocca su Impostazioni e poi Safari<\/li>\n\n\n\n<li>Tocca su Blocca Cookie e scegli tra le varie opzioni: \u201cMai\u201d, \u201cDi terze parti e inserzionisti\u201d o \u201cSempre\u201d<\/li>\n\n\n\n<li>Per cancellare tutti i cookies immagazzinati da Safari, tocca su Impostazioni, poi su Safari e infine su Cancella Cookie e dati<\/li>\n<\/ol>\n\n\n\n<p>Per maggiori informazioni visita la guida in linea di Safari.<\/p>\n\n\n\n<h4 class=\"wp-block-heading\">Opera<\/h4>\n\n\n\n<ol class=\"wp-block-list\">\n<li>Eseguire il Browser Opera<\/li>\n\n\n\n<li>Fare click sul men\u00f9 Preferenze poi su Avanzate ed infine su Cookie<\/li>\n\n\n\n<li>Selezionare una delle seguenti opzioni:\n<ul class=\"wp-block-list\">\n<li>accetta tutti i cookies<\/li>\n\n\n\n<li>accetta i cookies solo dal sito che si sta visitando: i cookies di terze parti e che vengono inviati da un dominio diverso da quello che si sta visitando verranno rifiutati<\/li>\n\n\n\n<li>non accettare mai i cookies: tutti i cookies non verranno mai salvati<\/li>\n<\/ul>\n<\/li>\n<\/ol>\n\n\n\n<h4 class=\"wp-block-heading\">Microsoft Edge<\/h4>\n\n\n\n<ol class=\"wp-block-list\">\n<li>Eseguire il Browser Microsoft Edge<\/li>\n\n\n\n<li>Fare click sull\u2019icona dei tre puntini situata nell\u2019angolo in alto a destra per aprire il menu e selezionare Impostazioni dal menu a discesa<\/li>\n\n\n\n<li>Selezionare \u201cCookie e autorizzazioni sito\u201d dal menu a sinistra<\/li>\n\n\n\n<li>Alla voce \u201cCookie e dati archiviati\u201d fare click su \u201cGestisci ed elimina cookie e dati del sito\u201d<\/li>\n\n\n\n<li>Da questa finestra si possono bloccare i cookie in diverse modalit\u00e0:\n<ul class=\"wp-block-list\">\n<li>attivando il pulsante relativo alla voce \u201cBlocca cookie di terze parti\u201d<\/li>\n\n\n\n<li>aggiungendo manualmente i siti a cui si vuole impedire di salvare e leggere i cookie sul proprio dispositivo<\/li>\n\n\n\n<li>aggiungendo manualmente i siti che possono salvare cookie nel dispositivo<\/li>\n\n\n\n<li>aggiungendo manualmente i siti da cui cancellare tutti i cookie quando si chiude Microsoft Edge<\/li>\n<\/ul>\n<\/li>\n<\/ol>\n\n\n\n<h3 class=\"wp-block-heading\">Disabilitare i Cookie di Google Analytics<\/h3>\n\n\n\n<p>Per disabilitare i cookie di Google Analytics, \u00e8 possibile installare un componente aggiuntivo del browser fornito da Google, che impedisce l&#8217;invio di informazioni a Google Analytics. Per installare il plug-in pu\u00f2 cliccare <a href=\"https:\/\/tools.google.com\/dlpage\/gaoptout\/?hl=it\" target=\"_blank\" rel=\"noreferrer noopener\">qui<\/a>.<\/p>\n\n\n\n<h2 class=\"wp-block-heading\">Modifiche alla Cookie Policy<\/h2>\n\n\n\n<p>Redflare si riserva il diritto di apportare modifiche a questa Policy. L&#8217;utente \u00e8 invitato a consultare periodicamente questa pagina per essere aggiornato su eventuali cambiamenti.<\/p>\n\n\n\n<h2 class=\"wp-block-heading\">Altri Siti Web e Servizi di Terze Parti<\/h2>\n\n\n\n<p>Il sito <a href=\"https:\/\/www.redflare-cyber.com\/en\/\">https:\/\/www.redflare-cyber.com\/<\/a> pu\u00f2 contenere collegamenti ad altri siti web che hanno le loro politiche di privacy. Queste politiche possono differire da quella adottata da Redflare, che quindi non si assume responsabilit\u00e0 per siti di terzi.<\/p>\n\n\n\n<h2 class=\"wp-block-heading\">Contatti<\/h2>\n\n\n\n<p>Per ogni domanda o dubbio riguardante questa Policy, \u00e8 possibile contattare Redflare all&#8217;indirizzo email fornito sul sito.<\/p>\n\n\n\n<p>Questa Cookie Policy \u00e8 aggiornata alla normativa GDPR attuale.<\/p>","protected":false},"excerpt":{"rendered":"<p>Redflare utilizza i cookie per rendere i propri servizi pi\u00f9 semplici ed efficienti per gli utenti che navigano sul sito https:\/\/www.redflare-cyber.com\/. Gli utenti del sito vedranno inserite quantit\u00e0 minime di informazioni nei dispositivi in uso, che siano computer o dispositivi mobili, sotto forma di piccoli file di testo denominati &#8220;cookie&#8221; salvati nelle directory utilizzate dal&hellip;&nbsp;<a href=\"https:\/\/www.redflare-cyber.com\/en\/cookie-policy\/\" rel=\"bookmark\">Read More &raquo;<span class=\"screen-reader-text\">Cookie Policy<\/span><\/a><\/p>","protected":false},"author":1,"featured_media":0,"parent":0,"menu_order":0,"comment_status":"closed","ping_status":"closed","template":"","meta":{"neve_meta_sidebar":"","neve_meta_container":"","neve_meta_enable_content_width":"","neve_meta_content_width":0,"neve_meta_title_alignment":"","neve_meta_author_avatar":"","neve_post_elements_order":"","neve_meta_disable_header":"","neve_meta_disable_footer":"","neve_meta_disable_title":"","_themeisle_gutenberg_block_has_review":false,"footnotes":""},"class_list":["post-2084","page","type-page","status-publish","hentry"],"yoast_head":"<!-- This site is optimized with the Yoast SEO plugin v27.3 - https:\/\/yoast.com\/product\/yoast-seo-wordpress\/ -->\n<title>Cookie Policy &#8226; Redflare<\/title>\n<meta name=\"description\" content=\"La nostra Cookie Policy per capire le tipologie di cookie impiegate e come gestirli in conformit\u00e0 con la GDPR attuale.\" \/>\n<meta name=\"robots\" content=\"index, follow, max-snippet:-1, max-image-preview:large, max-video-preview:-1\" \/>\n<link rel=\"canonical\" href=\"https:\/\/www.redflare-cyber.com\/en\/cookie-policy\/\" \/>\n<meta property=\"og:locale\" content=\"en_GB\" \/>\n<meta property=\"og:type\" content=\"article\" \/>\n<meta property=\"og:title\" content=\"Cookie Policy &#8226; Redflare\" \/>\n<meta property=\"og:description\" content=\"La nostra Cookie Policy per capire le tipologie di cookie impiegate e come gestirli in conformit\u00e0 con la GDPR attuale.\" \/>\n<meta property=\"og:url\" content=\"https:\/\/www.redflare-cyber.com\/en\/cookie-policy\/\" \/>\n<meta property=\"og:site_name\" content=\"Redflare\" \/>\n<meta property=\"article:modified_time\" content=\"2024-04-19T13:30:34+00:00\" \/>\n<meta property=\"og:image\" content=\"https:\/\/www.redflare-cyber.com\/wp-content\/uploads\/2023\/11\/hacker-8003402_1920.png\" \/>\n\t<meta property=\"og:image:width\" content=\"1920\" \/>\n\t<meta property=\"og:image:height\" content=\"1076\" \/>\n\t<meta property=\"og:image:type\" content=\"image\/png\" \/>\n<meta name=\"twitter:card\" content=\"summary_large_image\" \/>\n<meta name=\"twitter:label1\" content=\"Estimated reading time\" \/>\n\t<meta name=\"twitter:data1\" content=\"8 minutes\" \/>\n<script type=\"application\/ld+json\" class=\"yoast-schema-graph\">{\"@context\":\"https:\\\/\\\/schema.org\",\"@graph\":[{\"@type\":\"WebPage\",\"@id\":\"https:\\\/\\\/www.redflare-cyber.com\\\/cookie-policy\\\/\",\"url\":\"https:\\\/\\\/www.redflare-cyber.com\\\/cookie-policy\\\/\",\"name\":\"Cookie Policy &#8226; Redflare\",\"isPartOf\":{\"@id\":\"https:\\\/\\\/www.redflare-cyber.com\\\/#website\"},\"datePublished\":\"2024-03-12T21:37:32+00:00\",\"dateModified\":\"2024-04-19T13:30:34+00:00\",\"description\":\"La nostra Cookie Policy per capire le tipologie di cookie impiegate e come gestirli in conformit\u00e0 con la GDPR attuale.\",\"breadcrumb\":{\"@id\":\"https:\\\/\\\/www.redflare-cyber.com\\\/cookie-policy\\\/#breadcrumb\"},\"inLanguage\":\"en-GB\",\"potentialAction\":[{\"@type\":\"ReadAction\",\"target\":[\"https:\\\/\\\/www.redflare-cyber.com\\\/cookie-policy\\\/\"]}]},{\"@type\":\"BreadcrumbList\",\"@id\":\"https:\\\/\\\/www.redflare-cyber.com\\\/cookie-policy\\\/#breadcrumb\",\"itemListElement\":[{\"@type\":\"ListItem\",\"position\":1,\"name\":\"Home\",\"item\":\"https:\\\/\\\/www.redflare-cyber.com\\\/\"},{\"@type\":\"ListItem\",\"position\":2,\"name\":\"Cookie Policy\"}]},{\"@type\":\"WebSite\",\"@id\":\"https:\\\/\\\/www.redflare-cyber.com\\\/#website\",\"url\":\"https:\\\/\\\/www.redflare-cyber.com\\\/\",\"name\":\"Redflare\",\"description\":\"L&#039;invincibilit\u00e0 sta nel conoscere il tuo nemico!\",\"publisher\":{\"@id\":\"https:\\\/\\\/www.redflare-cyber.com\\\/#organization\"},\"alternateName\":\"RF\",\"potentialAction\":[{\"@type\":\"SearchAction\",\"target\":{\"@type\":\"EntryPoint\",\"urlTemplate\":\"https:\\\/\\\/www.redflare-cyber.com\\\/?s={search_term_string}\"},\"query-input\":{\"@type\":\"PropertyValueSpecification\",\"valueRequired\":true,\"valueName\":\"search_term_string\"}}],\"inLanguage\":\"en-GB\"},{\"@type\":\"Organization\",\"@id\":\"https:\\\/\\\/www.redflare-cyber.com\\\/#organization\",\"name\":\"Redflare\",\"alternateName\":\"RF\",\"url\":\"https:\\\/\\\/www.redflare-cyber.com\\\/\",\"logo\":{\"@type\":\"ImageObject\",\"inLanguage\":\"en-GB\",\"@id\":\"https:\\\/\\\/www.redflare-cyber.com\\\/#\\\/schema\\\/logo\\\/image\\\/\",\"url\":\"https:\\\/\\\/www.redflare-cyber.com\\\/wp-content\\\/uploads\\\/2024\\\/02\\\/Redflare_brand-by-tg.png\",\"contentUrl\":\"https:\\\/\\\/www.redflare-cyber.com\\\/wp-content\\\/uploads\\\/2024\\\/02\\\/Redflare_brand-by-tg.png\",\"width\":1080,\"height\":354,\"caption\":\"Redflare\"},\"image\":{\"@id\":\"https:\\\/\\\/www.redflare-cyber.com\\\/#\\\/schema\\\/logo\\\/image\\\/\"},\"sameAs\":[\"https:\\\/\\\/www.linkedin.com\\\/showcase\\\/artemis-redflare\\\/\"]}]}<\/script>\n<!-- \/ Yoast SEO plugin. -->","yoast_head_json":{"title":"Cookie Policy &#8226; Redflare","description":"La nostra Cookie Policy per capire le tipologie di cookie impiegate e come gestirli in conformit\u00e0 con la GDPR attuale.","robots":{"index":"index","follow":"follow","max-snippet":"max-snippet:-1","max-image-preview":"max-image-preview:large","max-video-preview":"max-video-preview:-1"},"canonical":"https:\/\/www.redflare-cyber.com\/en\/cookie-policy\/","og_locale":"en_GB","og_type":"article","og_title":"Cookie Policy &#8226; Redflare","og_description":"La nostra Cookie Policy per capire le tipologie di cookie impiegate e come gestirli in conformit\u00e0 con la GDPR attuale.","og_url":"https:\/\/www.redflare-cyber.com\/en\/cookie-policy\/","og_site_name":"Redflare","article_modified_time":"2024-04-19T13:30:34+00:00","og_image":[{"width":1920,"height":1076,"url":"https:\/\/www.redflare-cyber.com\/wp-content\/uploads\/2023\/11\/hacker-8003402_1920.png","type":"image\/png"}],"twitter_card":"summary_large_image","twitter_misc":{"Estimated reading time":"8 minutes"},"schema":{"@context":"https:\/\/schema.org","@graph":[{"@type":"WebPage","@id":"https:\/\/www.redflare-cyber.com\/cookie-policy\/","url":"https:\/\/www.redflare-cyber.com\/cookie-policy\/","name":"Cookie Policy &#8226; Redflare","isPartOf":{"@id":"https:\/\/www.redflare-cyber.com\/#website"},"datePublished":"2024-03-12T21:37:32+00:00","dateModified":"2024-04-19T13:30:34+00:00","description":"La nostra Cookie Policy per capire le tipologie di cookie impiegate e come gestirli in conformit\u00e0 con la GDPR attuale.","breadcrumb":{"@id":"https:\/\/www.redflare-cyber.com\/cookie-policy\/#breadcrumb"},"inLanguage":"en-GB","potentialAction":[{"@type":"ReadAction","target":["https:\/\/www.redflare-cyber.com\/cookie-policy\/"]}]},{"@type":"BreadcrumbList","@id":"https:\/\/www.redflare-cyber.com\/cookie-policy\/#breadcrumb","itemListElement":[{"@type":"ListItem","position":1,"name":"Home","item":"https:\/\/www.redflare-cyber.com\/"},{"@type":"ListItem","position":2,"name":"Cookie Policy"}]},{"@type":"WebSite","@id":"https:\/\/www.redflare-cyber.com\/#website","url":"https:\/\/www.redflare-cyber.com\/","name":"Redflare","description":"L&#039;invincibilit\u00e0 sta nel conoscere il tuo nemico!","publisher":{"@id":"https:\/\/www.redflare-cyber.com\/#organization"},"alternateName":"RF","potentialAction":[{"@type":"SearchAction","target":{"@type":"EntryPoint","urlTemplate":"https:\/\/www.redflare-cyber.com\/?s={search_term_string}"},"query-input":{"@type":"PropertyValueSpecification","valueRequired":true,"valueName":"search_term_string"}}],"inLanguage":"en-GB"},{"@type":"Organization","@id":"https:\/\/www.redflare-cyber.com\/#organization","name":"Redflare","alternateName":"RF","url":"https:\/\/www.redflare-cyber.com\/","logo":{"@type":"ImageObject","inLanguage":"en-GB","@id":"https:\/\/www.redflare-cyber.com\/#\/schema\/logo\/image\/","url":"https:\/\/www.redflare-cyber.com\/wp-content\/uploads\/2024\/02\/Redflare_brand-by-tg.png","contentUrl":"https:\/\/www.redflare-cyber.com\/wp-content\/uploads\/2024\/02\/Redflare_brand-by-tg.png","width":1080,"height":354,"caption":"Redflare"},"image":{"@id":"https:\/\/www.redflare-cyber.com\/#\/schema\/logo\/image\/"},"sameAs":["https:\/\/www.linkedin.com\/showcase\/artemis-redflare\/"]}]}},"_links":{"self":[{"href":"https:\/\/www.redflare-cyber.com\/en\/wp-json\/wp\/v2\/pages\/2084","targetHints":{"allow":["GET"]}}],"collection":[{"href":"https:\/\/www.redflare-cyber.com\/en\/wp-json\/wp\/v2\/pages"}],"about":[{"href":"https:\/\/www.redflare-cyber.com\/en\/wp-json\/wp\/v2\/types\/page"}],"author":[{"embeddable":true,"href":"https:\/\/www.redflare-cyber.com\/en\/wp-json\/wp\/v2\/users\/1"}],"replies":[{"embeddable":true,"href":"https:\/\/www.redflare-cyber.com\/en\/wp-json\/wp\/v2\/comments?post=2084"}],"version-history":[{"count":6,"href":"https:\/\/www.redflare-cyber.com\/en\/wp-json\/wp\/v2\/pages\/2084\/revisions"}],"predecessor-version":[{"id":2263,"href":"https:\/\/www.redflare-cyber.com\/en\/wp-json\/wp\/v2\/pages\/2084\/revisions\/2263"}],"wp:attachment":[{"href":"https:\/\/www.redflare-cyber.com\/en\/wp-json\/wp\/v2\/media?parent=2084"}],"curies":[{"name":"wp","href":"https:\/\/api.w.org\/{rel}","templated":true}]}}